{"id":744,"date":"2023-01-24T15:44:07","date_gmt":"2023-01-24T14:44:07","guid":{"rendered":"http:\/\/www.mettredesmotslaouilfaut.fr\/?page_id=744"},"modified":"2024-10-01T11:20:33","modified_gmt":"2024-10-01T09:20:33","slug":"temoignages-2","status":"publish","type":"page","link":"https:\/\/www.mettredesmotslaouilfaut.fr\/index.php\/temoignages-2\/","title":{"rendered":"T\u00e9moignages"},"content":{"rendered":"\n<div class=\"wp-block-create-block-wand-title\"><img class=\"fit-picture\" src=\"\/wp-content\/themes\/MettreDesMotsLaOuIlFaut\/img\/wand-left.png\" alt=\"Grapefruit slice atop a pile of other slices\"\/><h2 class=\"mazcraft-block-heading\">Besoin d&#8217;\u00eatre rassur\u00e9?<\/h2><img class=\"fit-picture\" src=\"\/wp-content\/themes\/MettreDesMotsLaOuIlFaut\/img\/wand-right.png\" alt=\"Grapefruit slice atop a pile of other slices\"\/><\/div>\n\n\n\n<p>M\u00eame si chaque s\u00e9ance est unique, vous retrouvez ci-dessous des t\u00e9moignages de personnes ayant particip\u00e9 \u00e0 une ou plusieurs s\u00e9ances.<\/p>\n\n\n\n<p>N\u2019h\u00e9sitez pas \u00e0 y ajouter votre propre exp\u00e9rience si le c\u0153ur vous en dit.<\/p>\n\n\n\n<p>Pour respecter la vie priv\u00e9e de chacun, certains pr\u00e9noms ont \u00e9t\u00e9 modifi\u00e9s.<\/p>\n\n\n\n<div class=\"alignnormal\"><div id=\"metaslider-id-769\" style=\"max-width: 556px; margin: 0 auto;\" class=\"ml-slider-3-61-0 metaslider metaslider-coin metaslider-769 ml-slider ms-theme-default\" role=\"region\" aria-roledescription=\"Slideshow\" aria-label=\"t\u00e9moignages\">\n    <div id=\"metaslider_container_769\">\n        <div id='metaslider_769' class='coin-slider'>\n<a href=\"javascript:void(0)\" target=\"_self\"><img width=\"556\" height=\"469\" src=\"https:\/\/www.mettredesmotslaouilfaut.fr\/wp-content\/uploads\/2023\/01\/Aurelie-2.jpg\" class=\"slider-769 slide-822\" alt=\"\" loading=\"lazy\" rel=\"\" title=\"Aur\u00e9lie\" style=\"display: none;\" srcset=\"https:\/\/www.mettredesmotslaouilfaut.fr\/wp-content\/uploads\/2023\/01\/Aurelie-2.jpg 556w, https:\/\/www.mettredesmotslaouilfaut.fr\/wp-content\/uploads\/2023\/01\/Aurelie-2-300x253.jpg 300w\" sizes=\"(max-width: 556px) 100vw, 556px\" \/><\/a>\n<a href=\"javascript:void(0)\" target=\"_self\"><img width=\"556\" height=\"469\" src=\"https:\/\/www.mettredesmotslaouilfaut.fr\/wp-content\/uploads\/2023\/01\/blanchard-2.jpg\" class=\"slider-769 slide-823\" alt=\"\" loading=\"lazy\" rel=\"\" title=\"blanchard\" style=\"display: none;\" srcset=\"https:\/\/www.mettredesmotslaouilfaut.fr\/wp-content\/uploads\/2023\/01\/blanchard-2.jpg 556w, https:\/\/www.mettredesmotslaouilfaut.fr\/wp-content\/uploads\/2023\/01\/blanchard-2-300x253.jpg 300w\" sizes=\"(max-width: 556px) 100vw, 556px\" \/><\/a>\n<a href=\"javascript:void(0)\" target=\"_self\"><img width=\"556\" height=\"469\" src=\"https:\/\/www.mettredesmotslaouilfaut.fr\/wp-content\/uploads\/2023\/01\/elif-2-2.jpg\" class=\"slider-769 slide-824\" alt=\"\" loading=\"lazy\" rel=\"\" title=\"elif 2\" style=\"display: none;\" srcset=\"https:\/\/www.mettredesmotslaouilfaut.fr\/wp-content\/uploads\/2023\/01\/elif-2-2.jpg 556w, https:\/\/www.mettredesmotslaouilfaut.fr\/wp-content\/uploads\/2023\/01\/elif-2-2-300x253.jpg 300w\" sizes=\"(max-width: 556px) 100vw, 556px\" \/><\/a>\n<a href=\"javascript:void(0)\" target=\"_self\"><img width=\"556\" height=\"469\" src=\"https:\/\/www.mettredesmotslaouilfaut.fr\/wp-content\/uploads\/2023\/01\/Elif-et-charly-2.jpg\" class=\"slider-769 slide-825\" alt=\"\" loading=\"lazy\" rel=\"\" title=\"Elif et charly\" style=\"display: none;\" srcset=\"https:\/\/www.mettredesmotslaouilfaut.fr\/wp-content\/uploads\/2023\/01\/Elif-et-charly-2.jpg 556w, https:\/\/www.mettredesmotslaouilfaut.fr\/wp-content\/uploads\/2023\/01\/Elif-et-charly-2-300x253.jpg 300w\" sizes=\"(max-width: 556px) 100vw, 556px\" \/><\/a>\n<a href=\"javascript:void(0)\" target=\"_self\"><img width=\"556\" height=\"478\" src=\"https:\/\/www.mettredesmotslaouilfaut.fr\/wp-content\/uploads\/2023\/01\/Elise-2.jpg\" class=\"slider-769 slide-826\" alt=\"\" loading=\"lazy\" rel=\"\" title=\"Elise\" style=\"display: none;\" srcset=\"https:\/\/www.mettredesmotslaouilfaut.fr\/wp-content\/uploads\/2023\/01\/Elise-2.jpg 556w, https:\/\/www.mettredesmotslaouilfaut.fr\/wp-content\/uploads\/2023\/01\/Elise-2-300x258.jpg 300w\" sizes=\"(max-width: 556px) 100vw, 556px\" \/><\/a>\n<a href=\"javascript:void(0)\" target=\"_self\"><img width=\"556\" height=\"469\" src=\"https:\/\/www.mettredesmotslaouilfaut.fr\/wp-content\/uploads\/2023\/01\/Elodie-2.jpg\" class=\"slider-769 slide-827\" alt=\"\" loading=\"lazy\" rel=\"\" title=\"Elodie\" style=\"display: none;\" srcset=\"https:\/\/www.mettredesmotslaouilfaut.fr\/wp-content\/uploads\/2023\/01\/Elodie-2.jpg 556w, https:\/\/www.mettredesmotslaouilfaut.fr\/wp-content\/uploads\/2023\/01\/Elodie-2-300x253.jpg 300w\" sizes=\"(max-width: 556px) 100vw, 556px\" \/><\/a>\n<a href=\"javascript:void(0)\" target=\"_self\"><img width=\"556\" height=\"469\" src=\"https:\/\/www.mettredesmotslaouilfaut.fr\/wp-content\/uploads\/2023\/01\/hanane-2.jpg\" class=\"slider-769 slide-828\" alt=\"\" loading=\"lazy\" rel=\"\" title=\"hanane\" style=\"display: none;\" srcset=\"https:\/\/www.mettredesmotslaouilfaut.fr\/wp-content\/uploads\/2023\/01\/hanane-2.jpg 556w, https:\/\/www.mettredesmotslaouilfaut.fr\/wp-content\/uploads\/2023\/01\/hanane-2-300x253.jpg 300w\" sizes=\"(max-width: 556px) 100vw, 556px\" \/><\/a>\n<a href=\"javascript:void(0)\" target=\"_self\"><img width=\"556\" height=\"469\" src=\"https:\/\/www.mettredesmotslaouilfaut.fr\/wp-content\/uploads\/2023\/01\/lelikaeama-2.jpg\" class=\"slider-769 slide-829\" alt=\"\" loading=\"lazy\" rel=\"\" title=\"lelikaeama\" style=\"display: none;\" srcset=\"https:\/\/www.mettredesmotslaouilfaut.fr\/wp-content\/uploads\/2023\/01\/lelikaeama-2.jpg 556w, https:\/\/www.mettredesmotslaouilfaut.fr\/wp-content\/uploads\/2023\/01\/lelikaeama-2-300x253.jpg 300w\" sizes=\"(max-width: 556px) 100vw, 556px\" \/><\/a>\n<a href=\"javascript:void(0)\" target=\"_self\"><img width=\"556\" height=\"469\" src=\"https:\/\/www.mettredesmotslaouilfaut.fr\/wp-content\/uploads\/2023\/01\/marie-2.jpg\" class=\"slider-769 slide-830\" alt=\"\" loading=\"lazy\" rel=\"\" title=\"marie\" style=\"display: none;\" srcset=\"https:\/\/www.mettredesmotslaouilfaut.fr\/wp-content\/uploads\/2023\/01\/marie-2.jpg 556w, https:\/\/www.mettredesmotslaouilfaut.fr\/wp-content\/uploads\/2023\/01\/marie-2-300x253.jpg 300w\" sizes=\"(max-width: 556px) 100vw, 556px\" \/><\/a>\n<a href=\"javascript:void(0)\" target=\"_self\"><img width=\"556\" height=\"469\" src=\"https:\/\/www.mettredesmotslaouilfaut.fr\/wp-content\/uploads\/2023\/01\/marine-et-audrey-2.jpg\" class=\"slider-769 slide-831\" alt=\"\" loading=\"lazy\" rel=\"\" title=\"marine et audrey\" style=\"display: none;\" srcset=\"https:\/\/www.mettredesmotslaouilfaut.fr\/wp-content\/uploads\/2023\/01\/marine-et-audrey-2.jpg 556w, https:\/\/www.mettredesmotslaouilfaut.fr\/wp-content\/uploads\/2023\/01\/marine-et-audrey-2-300x253.jpg 300w\" sizes=\"(max-width: 556px) 100vw, 556px\" \/><\/a>\n<a href=\"javascript:void(0)\" target=\"_self\"><img width=\"556\" height=\"469\" src=\"https:\/\/www.mettredesmotslaouilfaut.fr\/wp-content\/uploads\/2023\/01\/Noemie-2-2.jpg\" class=\"slider-769 slide-832\" alt=\"\" loading=\"lazy\" rel=\"\" title=\"No\u00e9mie 2\" style=\"display: none;\" srcset=\"https:\/\/www.mettredesmotslaouilfaut.fr\/wp-content\/uploads\/2023\/01\/Noemie-2-2.jpg 556w, https:\/\/www.mettredesmotslaouilfaut.fr\/wp-content\/uploads\/2023\/01\/Noemie-2-2-300x253.jpg 300w\" sizes=\"(max-width: 556px) 100vw, 556px\" \/><\/a>\n<a href=\"javascript:void(0)\" target=\"_self\"><img width=\"556\" height=\"469\" src=\"https:\/\/www.mettredesmotslaouilfaut.fr\/wp-content\/uploads\/2023\/01\/Noemie-3.jpg\" class=\"slider-769 slide-833\" alt=\"\" loading=\"lazy\" rel=\"\" title=\"No\u00e9mie\" style=\"display: none;\" srcset=\"https:\/\/www.mettredesmotslaouilfaut.fr\/wp-content\/uploads\/2023\/01\/Noemie-3.jpg 556w, https:\/\/www.mettredesmotslaouilfaut.fr\/wp-content\/uploads\/2023\/01\/Noemie-3-300x253.jpg 300w\" sizes=\"(max-width: 556px) 100vw, 556px\" \/><\/a>\n<a href=\"javascript:void(0)\" target=\"_self\"><img width=\"556\" height=\"469\" src=\"https:\/\/www.mettredesmotslaouilfaut.fr\/wp-content\/uploads\/2023\/01\/Pauline-2.jpg\" class=\"slider-769 slide-834\" alt=\"\" loading=\"lazy\" rel=\"\" title=\"Pauline\" style=\"display: none;\" srcset=\"https:\/\/www.mettredesmotslaouilfaut.fr\/wp-content\/uploads\/2023\/01\/Pauline-2.jpg 556w, https:\/\/www.mettredesmotslaouilfaut.fr\/wp-content\/uploads\/2023\/01\/Pauline-2-300x253.jpg 300w\" sizes=\"(max-width: 556px) 100vw, 556px\" \/><\/a>\n<a href=\"javascript:void(0)\" target=\"_self\"><img width=\"556\" height=\"469\" src=\"https:\/\/www.mettredesmotslaouilfaut.fr\/wp-content\/uploads\/2023\/01\/Soiz-2.jpg\" class=\"slider-769 slide-835\" alt=\"\" loading=\"lazy\" rel=\"\" title=\"Soiz\" style=\"display: none;\" srcset=\"https:\/\/www.mettredesmotslaouilfaut.fr\/wp-content\/uploads\/2023\/01\/Soiz-2.jpg 556w, https:\/\/www.mettredesmotslaouilfaut.fr\/wp-content\/uploads\/2023\/01\/Soiz-2-300x253.jpg 300w\" sizes=\"(max-width: 556px) 100vw, 556px\" \/><\/a>\n<a href=\"javascript:void(0)\" target=\"_self\"><img width=\"556\" height=\"469\" src=\"https:\/\/www.mettredesmotslaouilfaut.fr\/wp-content\/uploads\/2023\/01\/Sophie-2.jpg\" class=\"slider-769 slide-836\" alt=\"\" loading=\"lazy\" rel=\"\" title=\"Sophie\" style=\"display: none;\" srcset=\"https:\/\/www.mettredesmotslaouilfaut.fr\/wp-content\/uploads\/2023\/01\/Sophie-2.jpg 556w, https:\/\/www.mettredesmotslaouilfaut.fr\/wp-content\/uploads\/2023\/01\/Sophie-2-300x253.jpg 300w\" sizes=\"(max-width: 556px) 100vw, 556px\" \/><\/a>\n<a href=\"javascript:void(0)\" target=\"_self\"><img width=\"556\" height=\"469\" src=\"https:\/\/www.mettredesmotslaouilfaut.fr\/wp-content\/uploads\/2023\/01\/vanessa-2.jpg\" class=\"slider-769 slide-837\" alt=\"\" loading=\"lazy\" rel=\"\" title=\"vanessa\" style=\"display: none;\" srcset=\"https:\/\/www.mettredesmotslaouilfaut.fr\/wp-content\/uploads\/2023\/01\/vanessa-2.jpg 556w, https:\/\/www.mettredesmotslaouilfaut.fr\/wp-content\/uploads\/2023\/01\/vanessa-2-300x253.jpg 300w\" sizes=\"(max-width: 556px) 100vw, 556px\" \/><\/a>\n        <\/div>\n        \n    <\/div>\n<\/div><\/div>\n","protected":false},"excerpt":{"rendered":"<p>M\u00eame si chaque s\u00e9ance est unique, vous retrouvez ci-dessous des t\u00e9moignages de personnes ayant particip\u00e9 \u00e0 une ou plusieurs s\u00e9ances. N\u2019h\u00e9sitez pas \u00e0 y ajouter votre propre exp\u00e9rience si le c\u0153ur vous en dit. Pour respecter la vie priv\u00e9e de chacun, certains pr\u00e9noms ont \u00e9t\u00e9 modifi\u00e9s.<\/p>\n","protected":false},"author":2,"featured_media":0,"parent":0,"menu_order":0,"comment_status":"closed","ping_status":"closed","template":"modele_D","meta":[],"yoast_head":"<!-- This site is optimized with the Yoast SEO plugin v20.0 - https:\/\/yoast.com\/wordpress\/plugins\/seo\/ -->\n<title>T\u00e9moignages - Mettre des mots l\u00e0 o\u00f9 il faut<\/title>\n<meta name=\"robots\" content=\"index, follow, max-snippet:-1, max-image-preview:large, max-video-preview:-1\" \/>\n<link rel=\"canonical\" href=\"https:\/\/www.mettredesmotslaouilfaut.fr\/index.php\/temoignages-2\/\" \/>\n<meta property=\"og:locale\" content=\"fr_FR\" \/>\n<meta property=\"og:type\" content=\"article\" \/>\n<meta property=\"og:title\" content=\"T\u00e9moignages - Mettre des mots l\u00e0 o\u00f9 il faut\" \/>\n<meta property=\"og:description\" content=\"M\u00eame si chaque s\u00e9ance est unique, vous retrouvez ci-dessous des t\u00e9moignages de personnes ayant particip\u00e9 \u00e0 une ou plusieurs s\u00e9ances. N\u2019h\u00e9sitez pas \u00e0 y ajouter votre propre exp\u00e9rience si le c\u0153ur vous en dit. Pour respecter la vie priv\u00e9e de chacun, certains pr\u00e9noms ont \u00e9t\u00e9 modifi\u00e9s.\" \/>\n<meta property=\"og:url\" content=\"https:\/\/www.mettredesmotslaouilfaut.fr\/index.php\/temoignages-2\/\" \/>\n<meta property=\"og:site_name\" content=\"Mettre des mots l\u00e0 o\u00f9 il faut\" \/>\n<meta property=\"article:modified_time\" content=\"2024-10-01T09:20:33+00:00\" \/>\n<meta name=\"twitter:card\" content=\"summary_large_image\" \/>\n<meta name=\"twitter:label1\" content=\"Dur\u00e9e de lecture estim\u00e9e\" \/>\n\t<meta name=\"twitter:data1\" content=\"1 minute\" \/>\n<script type=\"application\/ld+json\" class=\"yoast-schema-graph\">{\"@context\":\"https:\/\/schema.org\",\"@graph\":[{\"@type\":\"WebPage\",\"@id\":\"https:\/\/www.mettredesmotslaouilfaut.fr\/index.php\/temoignages-2\/\",\"url\":\"https:\/\/www.mettredesmotslaouilfaut.fr\/index.php\/temoignages-2\/\",\"name\":\"T\u00e9moignages - Mettre des mots l\u00e0 o\u00f9 il faut\",\"isPartOf\":{\"@id\":\"https:\/\/www.mettredesmotslaouilfaut.fr\/#website\"},\"datePublished\":\"2023-01-24T14:44:07+00:00\",\"dateModified\":\"2024-10-01T09:20:33+00:00\",\"breadcrumb\":{\"@id\":\"https:\/\/www.mettredesmotslaouilfaut.fr\/index.php\/temoignages-2\/#breadcrumb\"},\"inLanguage\":\"fr-FR\",\"potentialAction\":[{\"@type\":\"ReadAction\",\"target\":[\"https:\/\/www.mettredesmotslaouilfaut.fr\/index.php\/temoignages-2\/\"]}]},{\"@type\":\"BreadcrumbList\",\"@id\":\"https:\/\/www.mettredesmotslaouilfaut.fr\/index.php\/temoignages-2\/#breadcrumb\",\"itemListElement\":[{\"@type\":\"ListItem\",\"position\":1,\"name\":\"Accueil\",\"item\":\"https:\/\/www.mettredesmotslaouilfaut.fr\/\"},{\"@type\":\"ListItem\",\"position\":2,\"name\":\"T\u00e9moignages\"}]},{\"@type\":\"WebSite\",\"@id\":\"https:\/\/www.mettredesmotslaouilfaut.fr\/#website\",\"url\":\"https:\/\/www.mettredesmotslaouilfaut.fr\/\",\"name\":\"Mettre des mots l\u00e0 o\u00f9 il faut\",\"description\":\"\",\"potentialAction\":[{\"@type\":\"SearchAction\",\"target\":{\"@type\":\"EntryPoint\",\"urlTemplate\":\"https:\/\/www.mettredesmotslaouilfaut.fr\/?s={search_term_string}\"},\"query-input\":\"required name=search_term_string\"}],\"inLanguage\":\"fr-FR\"}]}<\/script>\n<!-- \/ Yoast SEO plugin. -->","yoast_head_json":{"title":"T\u00e9moignages - Mettre des mots l\u00e0 o\u00f9 il faut","robots":{"index":"index","follow":"follow","max-snippet":"max-snippet:-1","max-image-preview":"max-image-preview:large","max-video-preview":"max-video-preview:-1"},"canonical":"https:\/\/www.mettredesmotslaouilfaut.fr\/index.php\/temoignages-2\/","og_locale":"fr_FR","og_type":"article","og_title":"T\u00e9moignages - Mettre des mots l\u00e0 o\u00f9 il faut","og_description":"M\u00eame si chaque s\u00e9ance est unique, vous retrouvez ci-dessous des t\u00e9moignages de personnes ayant particip\u00e9 \u00e0 une ou plusieurs s\u00e9ances. N\u2019h\u00e9sitez pas \u00e0 y ajouter votre propre exp\u00e9rience si le c\u0153ur vous en dit. Pour respecter la vie priv\u00e9e de chacun, certains pr\u00e9noms ont \u00e9t\u00e9 modifi\u00e9s.","og_url":"https:\/\/www.mettredesmotslaouilfaut.fr\/index.php\/temoignages-2\/","og_site_name":"Mettre des mots l\u00e0 o\u00f9 il faut","article_modified_time":"2024-10-01T09:20:33+00:00","twitter_card":"summary_large_image","twitter_misc":{"Dur\u00e9e de lecture estim\u00e9e":"1 minute"},"schema":{"@context":"https:\/\/schema.org","@graph":[{"@type":"WebPage","@id":"https:\/\/www.mettredesmotslaouilfaut.fr\/index.php\/temoignages-2\/","url":"https:\/\/www.mettredesmotslaouilfaut.fr\/index.php\/temoignages-2\/","name":"T\u00e9moignages - Mettre des mots l\u00e0 o\u00f9 il faut","isPartOf":{"@id":"https:\/\/www.mettredesmotslaouilfaut.fr\/#website"},"datePublished":"2023-01-24T14:44:07+00:00","dateModified":"2024-10-01T09:20:33+00:00","breadcrumb":{"@id":"https:\/\/www.mettredesmotslaouilfaut.fr\/index.php\/temoignages-2\/#breadcrumb"},"inLanguage":"fr-FR","potentialAction":[{"@type":"ReadAction","target":["https:\/\/www.mettredesmotslaouilfaut.fr\/index.php\/temoignages-2\/"]}]},{"@type":"BreadcrumbList","@id":"https:\/\/www.mettredesmotslaouilfaut.fr\/index.php\/temoignages-2\/#breadcrumb","itemListElement":[{"@type":"ListItem","position":1,"name":"Accueil","item":"https:\/\/www.mettredesmotslaouilfaut.fr\/"},{"@type":"ListItem","position":2,"name":"T\u00e9moignages"}]},{"@type":"WebSite","@id":"https:\/\/www.mettredesmotslaouilfaut.fr\/#website","url":"https:\/\/www.mettredesmotslaouilfaut.fr\/","name":"Mettre des mots l\u00e0 o\u00f9 il faut","description":"","potentialAction":[{"@type":"SearchAction","target":{"@type":"EntryPoint","urlTemplate":"https:\/\/www.mettredesmotslaouilfaut.fr\/?s={search_term_string}"},"query-input":"required name=search_term_string"}],"inLanguage":"fr-FR"}]}},"_links":{"self":[{"href":"https:\/\/www.mettredesmotslaouilfaut.fr\/index.php\/wp-json\/wp\/v2\/pages\/744"}],"collection":[{"href":"https:\/\/www.mettredesmotslaouilfaut.fr\/index.php\/wp-json\/wp\/v2\/pages"}],"about":[{"href":"https:\/\/www.mettredesmotslaouilfaut.fr\/index.php\/wp-json\/wp\/v2\/types\/page"}],"author":[{"embeddable":true,"href":"https:\/\/www.mettredesmotslaouilfaut.fr\/index.php\/wp-json\/wp\/v2\/users\/2"}],"replies":[{"embeddable":true,"href":"https:\/\/www.mettredesmotslaouilfaut.fr\/index.php\/wp-json\/wp\/v2\/comments?post=744"}],"version-history":[{"count":6,"href":"https:\/\/www.mettredesmotslaouilfaut.fr\/index.php\/wp-json\/wp\/v2\/pages\/744\/revisions"}],"predecessor-version":[{"id":1006,"href":"https:\/\/www.mettredesmotslaouilfaut.fr\/index.php\/wp-json\/wp\/v2\/pages\/744\/revisions\/1006"}],"wp:attachment":[{"href":"https:\/\/www.mettredesmotslaouilfaut.fr\/index.php\/wp-json\/wp\/v2\/media?parent=744"}],"curies":[{"name":"wp","href":"https:\/\/api.w.org\/{rel}","templated":true}]}}